{"id":70,"date":"2023-04-22T19:35:46","date_gmt":"2023-04-22T17:35:46","guid":{"rendered":"http:\/\/dixiepomerania.pl\/?page_id=70"},"modified":"2025-10-23T15:10:10","modified_gmt":"2025-10-23T13:10:10","slug":"bron-biala","status":"publish","type":"page","link":"https:\/\/dixiepomerania.pl\/?page_id=70","title":{"rendered":"Bro\u0144 Bia\u0142a"},"content":{"rendered":"\n<p><strong><em><mark style=\"background-color:rgba(0, 0, 0, 0);color:#74c011\" class=\"has-inline-color\">Strona jest aktualizowana raz dziennie!<\/mark><\/em><\/strong><\/p>\n\n\n\n<p><img loading=\"lazy\" decoding=\"async\" width=\"150\" height=\"113\" class=\"wp-image-4585\" style=\"width: 150px;\" src=\"https:\/\/dixiepomerania.pl\/wp-content\/uploads\/2025\/10\/Bagnet-M9-scaled-e1761224978550.jpg\" alt=\"\"> Bagnet M9 Ontario Knife Co., USA (do M4, M16, strzelb Mossberg itp.). Sprzeda\u017c komisowa. Stan bardzo dobry. Cena: 1500 PLN<\/p>\n\n\n\n<p><img loading=\"lazy\" decoding=\"async\" width=\"150\" height=\"90\" class=\"wp-image-75\" style=\"width: 150px;\" src=\"http:\/\/dixiepomerania.pl\/wp-content\/uploads\/2023\/04\/sor229.jpg\" alt=\"\" srcset=\"https:\/\/dixiepomerania.pl\/wp-content\/uploads\/2023\/04\/sor229.jpg 633w, https:\/\/dixiepomerania.pl\/wp-content\/uploads\/2023\/04\/sor229-300x181.jpg 300w\" sizes=\"auto, (max-width: 150px) 100vw, 150px\" \/> Turecki Jatagan (sor_0229, 759\/200). Sprzeda\u017c komisowa. Stan dobry. Cena: 6900 PLN.<\/p>\n\n\n\n<p><img loading=\"lazy\" decoding=\"async\" width=\"150\" height=\"98\" class=\"wp-image-79\" style=\"width: 150px;\" src=\"http:\/\/dixiepomerania.pl\/wp-content\/uploads\/2023\/04\/sor227.jpg\" alt=\"\" srcset=\"https:\/\/dixiepomerania.pl\/wp-content\/uploads\/2023\/04\/sor227.jpg 617w, https:\/\/dixiepomerania.pl\/wp-content\/uploads\/2023\/04\/sor227-300x197.jpg 300w\" sizes=\"auto, (max-width: 150px) 100vw, 150px\" \/> Turecki Jatagan (sor_0227, 4256\/600). Sprzeda\u017c komisowa.  Cena: 7900 PLN.<\/p>\n\n\n\n<p><img loading=\"lazy\" decoding=\"async\" width=\"150\" height=\"113\" class=\"wp-image-80\" style=\"width: 150px;\" src=\"http:\/\/dixiepomerania.pl\/wp-content\/uploads\/2023\/04\/sor208.jpg\" alt=\"\" srcset=\"https:\/\/dixiepomerania.pl\/wp-content\/uploads\/2023\/04\/sor208.jpg 605w, https:\/\/dixiepomerania.pl\/wp-content\/uploads\/2023\/04\/sor208-300x225.jpg 300w\" sizes=\"auto, (max-width: 150px) 100vw, 150px\" \/> Turecki Jatagan (sor_0208, 760\/200). Sprzeda\u017c komisowa. Stan dobry. Cena: 9900 PLN.<\/p>\n\n\n\n<p><img loading=\"lazy\" decoding=\"async\" width=\"150\" height=\"68\" class=\"wp-image-81\" style=\"width: 150px;\" src=\"http:\/\/dixiepomerania.pl\/wp-content\/uploads\/2023\/04\/sor223.jpg\" alt=\"\" srcset=\"https:\/\/dixiepomerania.pl\/wp-content\/uploads\/2023\/04\/sor223.jpg 589w, https:\/\/dixiepomerania.pl\/wp-content\/uploads\/2023\/04\/sor223-300x135.jpg 300w\" sizes=\"auto, (max-width: 150px) 100vw, 150px\" \/> Rosyjska Szabla Kadet\u00f3w Marynarki Wojennej Model 1811 (sor_0223). Sprzeda\u017c komisowa. Stan dobry. Cena: 18400 PLN.<\/p>\n\n\n\n<p><img loading=\"lazy\" decoding=\"async\" width=\"150\" height=\"92\" class=\"wp-image-85\" style=\"width: 150px;\" src=\"http:\/\/dixiepomerania.pl\/wp-content\/uploads\/2023\/04\/sor234.jpg\" alt=\"\" srcset=\"https:\/\/dixiepomerania.pl\/wp-content\/uploads\/2023\/04\/sor234.jpg 624w, https:\/\/dixiepomerania.pl\/wp-content\/uploads\/2023\/04\/sor234-300x184.jpg 300w\" sizes=\"auto, (max-width: 150px) 100vw, 150px\" \/> Rosyjska Szaszka Model 1834 (sor_0234, 4455\/1550). Sprzeda\u017c komisowa. Stan dobry. Cena: 20700 PLN.<\/p>\n\n\n\n<p><img loading=\"lazy\" decoding=\"async\" width=\"150\" height=\"98\" class=\"wp-image-86\" style=\"width: 150px;\" src=\"http:\/\/dixiepomerania.pl\/wp-content\/uploads\/2023\/04\/sor226.jpg\" alt=\"\" srcset=\"https:\/\/dixiepomerania.pl\/wp-content\/uploads\/2023\/04\/sor226.jpg 617w, https:\/\/dixiepomerania.pl\/wp-content\/uploads\/2023\/04\/sor226-300x197.jpg 300w\" sizes=\"auto, (max-width: 150px) 100vw, 150px\" \/> Perski Tabar Zin, XVIII wiek (sor_0226, 4209\/500). Sprzeda\u017c komisowa. Stan dobry. Cena: 13800 PLN.<\/p>\n\n\n\n<p><img loading=\"lazy\" decoding=\"async\" width=\"150\" height=\"113\" class=\"wp-image-83\" style=\"width: 150px;\" src=\"http:\/\/dixiepomerania.pl\/wp-content\/uploads\/2023\/04\/sor236.jpg\" alt=\"\" srcset=\"https:\/\/dixiepomerania.pl\/wp-content\/uploads\/2023\/04\/sor236.jpg 636w, https:\/\/dixiepomerania.pl\/wp-content\/uploads\/2023\/04\/sor236-300x226.jpg 300w\" sizes=\"auto, (max-width: 150px) 100vw, 150px\" \/> Talwar z p\u00f3\u0142nocnych Indii z pochw\u0105 w stylu afga\u0144skim, XVIII wiek (sor_0236, 3962\/200). Sprzeda\u017c komisowa. Stan dobry. Cena: 18400 PLN.<\/p>\n\n\n\n<p><img loading=\"lazy\" decoding=\"async\" width=\"150\" height=\"62\" class=\"wp-image-317\" style=\"width: 150px;\" src=\"https:\/\/dixiepomerania.pl\/wp-content\/uploads\/2023\/06\/sor_0085.jpg\" alt=\"\" srcset=\"https:\/\/dixiepomerania.pl\/wp-content\/uploads\/2023\/06\/sor_0085.jpg 578w, https:\/\/dixiepomerania.pl\/wp-content\/uploads\/2023\/06\/sor_0085-300x124.jpg 300w\" sizes=\"auto, (max-width: 150px) 100vw, 150px\" \/> Talwar z p\u00f3\u0142nocnych Indii z zamkni\u0119t\u0105 rekoje\u015bci\u0105, XVIII\/XIX wiek (bez pochwy), (sor_0085). Sprzeda\u017c komisowa. Stan dobry. Cena: 4500 PLN<\/p>\n\n\n\n<p><img loading=\"lazy\" decoding=\"async\" width=\"150\" height=\"111\" class=\"wp-image-319\" style=\"width: 150px;\" src=\"https:\/\/dixiepomerania.pl\/wp-content\/uploads\/2023\/06\/sor_0138x.jpg\" alt=\"\"> Talwar z p\u00f3\u0142nocnych Indii ze z\u0142ocon\u0105 r\u0119koje\u015bci\u0105, XVIII wiek (bez pochwy), (sor_0138). Sprzeda\u017c komisowa. Stan dobry. Cena: 12000 PLN<\/p>\n\n\n\n<p><img loading=\"lazy\" decoding=\"async\" width=\"150\" height=\"30\" class=\"wp-image-359\" style=\"width: 150px;\" src=\"https:\/\/dixiepomerania.pl\/wp-content\/uploads\/2023\/06\/20230609_143319b.jpg\" alt=\"\" srcset=\"https:\/\/dixiepomerania.pl\/wp-content\/uploads\/2023\/06\/20230609_143319b.jpg 640w, https:\/\/dixiepomerania.pl\/wp-content\/uploads\/2023\/06\/20230609_143319b-300x59.jpg 300w\" sizes=\"auto, (max-width: 150px) 100vw, 150px\" \/> Paluar z Afganistanu, XIX wiek (bez pochwy), (4666\/200). Sprzeda\u017c komisowa. Stan dobry. Cena: 4500 PLN.<\/p>\n\n\n\n<p><img loading=\"lazy\" decoding=\"async\" width=\"150\" height=\"28\" class=\"wp-image-360\" style=\"width: 150px;\" src=\"https:\/\/dixiepomerania.pl\/wp-content\/uploads\/2023\/06\/20230609_143433b.jpg\" alt=\"\" srcset=\"https:\/\/dixiepomerania.pl\/wp-content\/uploads\/2023\/06\/20230609_143433b.jpg 640w, https:\/\/dixiepomerania.pl\/wp-content\/uploads\/2023\/06\/20230609_143433b-300x56.jpg 300w\" sizes=\"auto, (max-width: 150px) 100vw, 150px\" \/> Szabla w stylu Mameluk\u00f3w, Europa Zachodnia XIX wiek (bez pochwy). Sprzeda\u017c komisowa. Stan dobry. Cena: 7500 PLN.<\/p>\n\n\n\n<p><strong><em><mark style=\"background-color:rgba(0, 0, 0, 0)\" class=\"has-inline-color has-secondary-color\">Zapraszamy do naszego sklepu Dixie Pomerania w Gda\u0144sku!<\/mark><\/em><\/strong><\/p>\n\n\n\n<p><\/p>\n","protected":false},"excerpt":{"rendered":"<p>Strona jest aktualizowana raz dziennie! Bagnet M9 Ontario Knife Co., USA (do M4, M16, strzelb Mossberg itp.). Sprzeda\u017c komisowa. Stan bardzo dobry. Cena: 1500 PLN Turecki Jatagan (sor_0229, 759\/200). Sprzeda\u017c komisowa. Stan dobry. Cena: 6900 PLN. Turecki Jatagan (sor_0227, 4256\/600). Sprzeda\u017c komisowa. Cena: 7900 PLN. Turecki Jatagan (sor_0208, 760\/200). Sprzeda\u017c komisowa. Stan dobry. Cena: 9900 [&hellip;]<\/p>\n","protected":false},"author":1,"featured_media":0,"parent":0,"menu_order":0,"comment_status":"closed","ping_status":"closed","template":"","meta":{"footnotes":""},"class_list":["post-70","page","type-page","status-publish","hentry"],"_links":{"self":[{"href":"https:\/\/dixiepomerania.pl\/index.php?rest_route=\/wp\/v2\/pages\/70","targetHints":{"allow":["GET"]}}],"collection":[{"href":"https:\/\/dixiepomerania.pl\/index.php?rest_route=\/wp\/v2\/pages"}],"about":[{"href":"https:\/\/dixiepomerania.pl\/index.php?rest_route=\/wp\/v2\/types\/page"}],"author":[{"embeddable":true,"href":"https:\/\/dixiepomerania.pl\/index.php?rest_route=\/wp\/v2\/users\/1"}],"replies":[{"embeddable":true,"href":"https:\/\/dixiepomerania.pl\/index.php?rest_route=%2Fwp%2Fv2%2Fcomments&post=70"}],"version-history":[{"count":18,"href":"https:\/\/dixiepomerania.pl\/index.php?rest_route=\/wp\/v2\/pages\/70\/revisions"}],"predecessor-version":[{"id":4587,"href":"https:\/\/dixiepomerania.pl\/index.php?rest_route=\/wp\/v2\/pages\/70\/revisions\/4587"}],"wp:attachment":[{"href":"https:\/\/dixiepomerania.pl\/index.php?rest_route=%2Fwp%2Fv2%2Fmedia&parent=70"}],"curies":[{"name":"wp","href":"https:\/\/api.w.org\/{rel}","templated":true}]}}