{"id":51,"date":"2023-04-22T18:28:22","date_gmt":"2023-04-22T16:28:22","guid":{"rendered":"http:\/\/dixiepomerania.pl\/?page_id=51"},"modified":"2026-04-13T21:58:36","modified_gmt":"2026-04-13T19:58:36","slug":"karabiny","status":"publish","type":"page","link":"https:\/\/dixiepomerania.pl\/?page_id=51","title":{"rendered":"Karabiny"},"content":{"rendered":"\n<p><strong><em><mark style=\"background-color:rgba(0, 0, 0, 0);color:#74c011\" class=\"has-inline-color\">Strona jest aktualizowana raz dziennie!<\/mark><\/em><\/strong><\/p>\n\n\n\n<p><img loading=\"lazy\" decoding=\"async\" width=\"150\" height=\"35\" class=\"wp-image-4082\" style=\"width: 150px;\" src=\"https:\/\/dixiepomerania.pl\/wp-content\/uploads\/2025\/07\/Adler-Tac-scaled-e1751984550320.jpg\" alt=\"\"> Adler RF-224 Tactical karabinek samopowtarzalny, kal. 22LR, lufa 46cm, 2 magazynki 10-nab. typu Ruger, Adler, Turcja 2025r. Cena 1600 PLN.<\/p>\n\n\n\n<p><img loading=\"lazy\" decoding=\"async\" width=\"150\" height=\"100\" class=\"wp-image-2159\" style=\"width: 150px;\" src=\"https:\/\/dixiepomerania.pl\/wp-content\/uploads\/2024\/06\/ccml-mb.png\" alt=\"\" srcset=\"https:\/\/dixiepomerania.pl\/wp-content\/uploads\/2024\/06\/ccml-mb.png 850w, https:\/\/dixiepomerania.pl\/wp-content\/uploads\/2024\/06\/ccml-mb-300x199.png 300w, https:\/\/dixiepomerania.pl\/wp-content\/uploads\/2024\/06\/ccml-mb-768x510.png 768w\" sizes=\"auto, (max-width: 150px) 100vw, 150px\" \/> Diamondback DB-15 CCML MB (Midnight Brown) karabin samopowtarzalny typu AR-15, kal .223 Rem.\/5,56mm NATO, lufa 16\u2033, Diamondback, USA 2024. Cena 5050 PLN.<\/p>\n\n\n\n<p><img loading=\"lazy\" decoding=\"async\" width=\"150\" height=\"42\" class=\"wp-image-3354\" style=\"width: 150px;\" src=\"https:\/\/dixiepomerania.pl\/wp-content\/uploads\/2025\/01\/DB15-CCML-FDE-e1738257148459.jpg\" alt=\"\" srcset=\"https:\/\/dixiepomerania.pl\/wp-content\/uploads\/2025\/01\/DB15-CCML-FDE-e1738257148459.jpg 1178w, https:\/\/dixiepomerania.pl\/wp-content\/uploads\/2025\/01\/DB15-CCML-FDE-e1738257148459-300x83.jpg 300w, https:\/\/dixiepomerania.pl\/wp-content\/uploads\/2025\/01\/DB15-CCML-FDE-e1738257148459-1024x283.jpg 1024w, https:\/\/dixiepomerania.pl\/wp-content\/uploads\/2025\/01\/DB15-CCML-FDE-e1738257148459-768x213.jpg 768w\" sizes=\"auto, (max-width: 150px) 100vw, 150px\" \/> Diamondback DB-15 CCML FDE (Desert Sand) karabin samopowtarzalny typu AR-15, kal .223 Rem.\/5,56mm NATO, lufa 16\u2033, Diamondback, USA 2024. Cena 5050 PLN.<\/p>\n\n\n\n<p><img loading=\"lazy\" decoding=\"async\" width=\"150\" height=\"35\" class=\"wp-image-3579\" style=\"width: 150px;\" src=\"https:\/\/dixiepomerania.pl\/wp-content\/uploads\/2025\/03\/DB15-Carbon-Series-Jesse-James-Civil-Defense-Blue-e1742298432187.jpg\" alt=\"\" srcset=\"https:\/\/dixiepomerania.pl\/wp-content\/uploads\/2025\/03\/DB15-Carbon-Series-Jesse-James-Civil-Defense-Blue-e1742298432187.jpg 943w, https:\/\/dixiepomerania.pl\/wp-content\/uploads\/2025\/03\/DB15-Carbon-Series-Jesse-James-Civil-Defense-Blue-e1742298432187-300x71.jpg 300w, https:\/\/dixiepomerania.pl\/wp-content\/uploads\/2025\/03\/DB15-Carbon-Series-Jesse-James-Civil-Defense-Blue-e1742298432187-768x182.jpg 768w\" sizes=\"auto, (max-width: 150px) 100vw, 150px\" \/> Diamondback DB15 Carbon Series Jesse James Defense Blue karabin samopowtarzalny typu AR-15, kal. 223 Rem.\/5.56 NATO, lufa 16\u2033, Diamondback, USA 2024. Cena 4890 PLN.<\/p>\n\n\n\n<p><img loading=\"lazy\" decoding=\"async\" width=\"150\" height=\"32\" class=\"wp-image-1070\" style=\"width: 150px;\" src=\"https:\/\/dixiepomerania.pl\/wp-content\/uploads\/2023\/11\/NORINCO-M305-e1699812559472.jpg\" alt=\"\"> Norinco M.305 karabin samopowtarzalny kal. 308 Win., magazynek 10 nab., Norinco, Chiny 2022. Cena 3850 PLN.<\/p>\n\n\n\n<p><img loading=\"lazy\" decoding=\"async\" width=\"150\" height=\"46\" class=\"wp-image-1959\" style=\"width: 150px;\" src=\"https:\/\/dixiepomerania.pl\/wp-content\/uploads\/2024\/05\/psa-carbine.jpg\" alt=\"\" srcset=\"https:\/\/dixiepomerania.pl\/wp-content\/uploads\/2024\/05\/psa-carbine.jpg 1172w, https:\/\/dixiepomerania.pl\/wp-content\/uploads\/2024\/05\/psa-carbine-300x93.jpg 300w, https:\/\/dixiepomerania.pl\/wp-content\/uploads\/2024\/05\/psa-carbine-1024x317.jpg 1024w, https:\/\/dixiepomerania.pl\/wp-content\/uploads\/2024\/05\/psa-carbine-768x238.jpg 768w\" sizes=\"auto, (max-width: 150px) 100vw, 150px\" \/> PSA 16&#8243; PA-15 M4 Carbine Length karabin samopowtarzalny typu AR-15, kal. 223 Rem.\/5,56 NATO, lufa 16&#8243;, skok gwintu 1\/7, chwyt 13,5&#8243; Lightweight M-Lock, Palmetto State Armory, USA 2023. Cena 3975 PLN.<\/p>\n\n\n\n<p><img loading=\"lazy\" decoding=\"async\" width=\"150\" height=\"34\" class=\"wp-image-171\" style=\"width: 150px;\" src=\"https:\/\/dixiepomerania.pl\/wp-content\/uploads\/2023\/04\/karabinek-rossi-gallery-22lr-e1697977870530.png\" alt=\"\" srcset=\"https:\/\/dixiepomerania.pl\/wp-content\/uploads\/2023\/04\/karabinek-rossi-gallery-22lr-e1697977870530.png 797w, https:\/\/dixiepomerania.pl\/wp-content\/uploads\/2023\/04\/karabinek-rossi-gallery-22lr-e1697977870530-300x67.png 300w, https:\/\/dixiepomerania.pl\/wp-content\/uploads\/2023\/04\/karabinek-rossi-gallery-22lr-e1697977870530-768x172.png 768w\" sizes=\"auto, (max-width: 150px) 100vw, 150px\" \/> Rossi Gallery karabinek powtarzalny pump-action kal. 22 LR. D\u0142ugo\u015b\u0107 lufy 18\u201d, osada drewniana, CBC Brazylia. Cena 1975 PLN<\/p>\n\n\n\n<p><img loading=\"lazy\" decoding=\"async\" width=\"150\" height=\"136\" class=\"wp-image-1036\" style=\"width: 150px;\" src=\"https:\/\/dixiepomerania.pl\/wp-content\/uploads\/2023\/11\/rossi-7022.jpg\" alt=\"\" srcset=\"https:\/\/dixiepomerania.pl\/wp-content\/uploads\/2023\/11\/rossi-7022.jpg 500w, https:\/\/dixiepomerania.pl\/wp-content\/uploads\/2023\/11\/rossi-7022-300x272.jpg 300w\" sizes=\"auto, (max-width: 150px) 100vw, 150px\" \/> Rossi 7022 karabinek samopowtarzalny kal. 22 LR. D\u0142ugo\u015b\u0107 lufy 21\u201d, dwa 10-nabojowe magazynki w zestawie, gwint na lufie, osada syntetyczna, przyrz\u0105dy \u015bwiat\u0142owodowe, bazy monta\u017cowe, CBC Brazylia. Cena 1150 PLN. <\/p>\n\n\n\n<p><img loading=\"lazy\" decoding=\"async\" width=\"150\" height=\"136\" class=\"wp-image-1037\" style=\"width: 150px;\" src=\"https:\/\/dixiepomerania.pl\/wp-content\/uploads\/2023\/11\/rossi8122.jpg\" alt=\"\" srcset=\"https:\/\/dixiepomerania.pl\/wp-content\/uploads\/2023\/11\/rossi8122.jpg 500w, https:\/\/dixiepomerania.pl\/wp-content\/uploads\/2023\/11\/rossi8122-300x272.jpg 300w\" sizes=\"auto, (max-width: 150px) 100vw, 150px\" \/> Rossi 8122 karabinek powtarzalny kal. 22 LR. D\u0142ugo\u015b\u0107 lufy 21\u201d, dwa 10-nabojowe magazynki w zestawie, gwint na lufie, osada syntetyczna, przyrz\u0105dy \u015bwiat\u0142owodowe, CBC Brazylia. Cena 1150 PLN. <\/p>\n\n\n\n<p><img loading=\"lazy\" decoding=\"async\" width=\"150\" height=\"77\" class=\"wp-image-2027\" style=\"width: 150px;\" src=\"https:\/\/dixiepomerania.pl\/wp-content\/uploads\/2024\/06\/Ruger-SFAR.jpg\" alt=\"\" srcset=\"https:\/\/dixiepomerania.pl\/wp-content\/uploads\/2024\/06\/Ruger-SFAR.jpg 1400w, https:\/\/dixiepomerania.pl\/wp-content\/uploads\/2024\/06\/Ruger-SFAR-300x155.jpg 300w, https:\/\/dixiepomerania.pl\/wp-content\/uploads\/2024\/06\/Ruger-SFAR-1024x527.jpg 1024w, https:\/\/dixiepomerania.pl\/wp-content\/uploads\/2024\/06\/Ruger-SFAR-768x396.jpg 768w\" sizes=\"auto, (max-width: 150px) 100vw, 150px\" \/> Ruger SFAR 16&#8243; karabin samopowtarzalny typu AR-10, kal. 308 Win\/7,62 NATO, lufa 16&#8243;, black hardcote anodized, Magpul, (Model 05610), Ruger USA 2023. Cena: 6100 PLN.<\/p>\n\n\n\n<p><img loading=\"lazy\" decoding=\"async\" width=\"150\" height=\"38\" class=\"wp-image-937\" style=\"width: 150px;\" src=\"https:\/\/dixiepomerania.pl\/wp-content\/uploads\/2023\/10\/1261.jpg\" alt=\"\" srcset=\"https:\/\/dixiepomerania.pl\/wp-content\/uploads\/2023\/10\/1261.jpg 825w, https:\/\/dixiepomerania.pl\/wp-content\/uploads\/2023\/10\/1261-300x76.jpg 300w, https:\/\/dixiepomerania.pl\/wp-content\/uploads\/2023\/10\/1261-768x195.jpg 768w\" sizes=\"auto, (max-width: 150px) 100vw, 150px\" \/>Ruger 10\/22 FS karabinek samopowtarzalny, kal. 22LR, (Model 1261), Ruger, USA 2022. Cena: 2750 PLN<\/p>\n\n\n\n<p><img loading=\"lazy\" decoding=\"async\" width=\"150\" height=\"40\" class=\"wp-image-4049\" style=\"width: 150px;\" src=\"https:\/\/dixiepomerania.pl\/wp-content\/uploads\/2025\/07\/Sabatti-SAR-e1751563094142.jpg\" alt=\"\" srcset=\"https:\/\/dixiepomerania.pl\/wp-content\/uploads\/2025\/07\/Sabatti-SAR-e1751563094142.jpg 1510w, https:\/\/dixiepomerania.pl\/wp-content\/uploads\/2025\/07\/Sabatti-SAR-e1751563094142-300x79.jpg 300w, https:\/\/dixiepomerania.pl\/wp-content\/uploads\/2025\/07\/Sabatti-SAR-e1751563094142-1024x271.jpg 1024w, https:\/\/dixiepomerania.pl\/wp-content\/uploads\/2025\/07\/Sabatti-SAR-e1751563094142-768x203.jpg 768w\" sizes=\"auto, (max-width: 150px) 100vw, 150px\" \/> Sabatti AR-15, S.A.R. 18,5&#8243; karabin samopowtarzalny typu AR-15, kal. 5,56 NATO\/223 Rem., lufa 18,5&#8243; (47cm), Sabatti, W\u0142ochy 2024r. Cena: 5200 PLN.    NIEDOST\u0118PNY<\/p>\n\n\n\n<p><img loading=\"lazy\" decoding=\"async\" width=\"150\" height=\"63\" class=\"wp-image-2840\" style=\"width: 150px;\" src=\"https:\/\/dixiepomerania.pl\/wp-content\/uploads\/2024\/10\/ARX-15-MS_PRO.png\" alt=\"\" srcset=\"https:\/\/dixiepomerania.pl\/wp-content\/uploads\/2024\/10\/ARX-15-MS_PRO.png 1280w, https:\/\/dixiepomerania.pl\/wp-content\/uploads\/2024\/10\/ARX-15-MS_PRO-300x125.png 300w, https:\/\/dixiepomerania.pl\/wp-content\/uploads\/2024\/10\/ARX-15-MS_PRO-1024x427.png 1024w, https:\/\/dixiepomerania.pl\/wp-content\/uploads\/2024\/10\/ARX-15-MS_PRO-768x320.png 768w\" sizes=\"auto, (max-width: 150px) 100vw, 150px\" \/> Tinck AR X-15 MS-PRO karabin samopowtarzalny typu AR-15, kal. 223 Rem.\/5.56 NATO, lufa 12,5&#8243;, chwyt M-lock 11,5&#8243;, mechaniczne przyrz\u0105dy celownicze, adjustable gas block, Tinck Arms, S\u0142owenia 2024. Cena: 6900 PLN.<\/p>\n\n\n\n<p><img loading=\"lazy\" decoding=\"async\" width=\"150\" height=\"63\" class=\"wp-image-2840\" style=\"width: 150px;\" src=\"https:\/\/dixiepomerania.pl\/wp-content\/uploads\/2024\/10\/ARX-15-MS_PRO.png\" alt=\"\" srcset=\"https:\/\/dixiepomerania.pl\/wp-content\/uploads\/2024\/10\/ARX-15-MS_PRO.png 1280w, https:\/\/dixiepomerania.pl\/wp-content\/uploads\/2024\/10\/ARX-15-MS_PRO-300x125.png 300w, https:\/\/dixiepomerania.pl\/wp-content\/uploads\/2024\/10\/ARX-15-MS_PRO-1024x427.png 1024w, https:\/\/dixiepomerania.pl\/wp-content\/uploads\/2024\/10\/ARX-15-MS_PRO-768x320.png 768w\" sizes=\"auto, (max-width: 150px) 100vw, 150px\" \/> Tinck AR X-15 MS-PRO karabin samopowtarzalny typu AR-15, kal. 223 Rem.\/5.56 NATO, lufa 14,5&#8243;, chwyt M-lock 13,5&#8243;, mechaniczne przyrz\u0105dy celownicze, adjustable gas block, Tinck Arms, S\u0142owenia 2024. Cena: 6975 PLN. <\/p>\n\n\n\n<p><img loading=\"lazy\" decoding=\"async\" width=\"150\" height=\"63\" class=\"wp-image-2840\" style=\"width: 150px;\" src=\"https:\/\/dixiepomerania.pl\/wp-content\/uploads\/2024\/10\/ARX-15-MS_PRO.png\" alt=\"\" srcset=\"https:\/\/dixiepomerania.pl\/wp-content\/uploads\/2024\/10\/ARX-15-MS_PRO.png 1280w, https:\/\/dixiepomerania.pl\/wp-content\/uploads\/2024\/10\/ARX-15-MS_PRO-300x125.png 300w, https:\/\/dixiepomerania.pl\/wp-content\/uploads\/2024\/10\/ARX-15-MS_PRO-1024x427.png 1024w, https:\/\/dixiepomerania.pl\/wp-content\/uploads\/2024\/10\/ARX-15-MS_PRO-768x320.png 768w\" sizes=\"auto, (max-width: 150px) 100vw, 150px\" \/> Tinck AR X-15 MS-PRO karabin samopowtarzalny typu AR-15, kal. 223 Rem.\/5.56 NATO, lufa 16&#8243;, chwyt M-lock 15&#8243;, mechaniczne przyrz\u0105dy celownicze, adjustable gas block, Tinck Arms, S\u0142owenia 2024. Cena: 6975 PLN.   Rezerwacja<\/p>\n\n\n\n<p><img loading=\"lazy\" decoding=\"async\" width=\"150\" height=\"150\" class=\"wp-image-166\" style=\"width: 150px;\" src=\"https:\/\/dixiepomerania.pl\/wp-content\/uploads\/2023\/04\/Tikka1-e1686378375162.webp\" alt=\"\" srcset=\"https:\/\/dixiepomerania.pl\/wp-content\/uploads\/2023\/04\/Tikka1-e1686378375162.webp 640w, https:\/\/dixiepomerania.pl\/wp-content\/uploads\/2023\/04\/Tikka1-e1686378375162-300x300.webp 300w, https:\/\/dixiepomerania.pl\/wp-content\/uploads\/2023\/04\/Tikka1-e1686378375162-150x150.webp 150w\" sizes=\"auto, (max-width: 150px) 100vw, 150px\" \/> Tikka T1X UPR karabinek powtarzalny kal. 22 LR., MT, 1\/2&#215;28 UNEF, lufa 20&#8243;. Cena 5250 PLN.<\/p>\n\n\n\n<p><\/p>\n\n\n\n<p><strong><em><mark style=\"background-color:rgba(0, 0, 0, 0)\" class=\"has-inline-color has-secondary-color\">Zapraszamy do naszego sklepu Dixie Pomerania w Gda\u0144sku!<\/mark><\/em><\/strong><\/p>\n\n\n\n<p><\/p>\n","protected":false},"excerpt":{"rendered":"<p>Strona jest aktualizowana raz dziennie! Adler RF-224 Tactical karabinek samopowtarzalny, kal. 22LR, lufa 46cm, 2 magazynki 10-nab. typu Ruger, Adler, Turcja 2025r. Cena 1600 PLN. Diamondback DB-15 CCML MB (Midnight Brown) karabin samopowtarzalny typu AR-15, kal .223 Rem.\/5,56mm NATO, lufa 16\u2033, Diamondback, USA 2024. Cena 5050 PLN. Diamondback DB-15 CCML FDE (Desert Sand) karabin samopowtarzalny [&hellip;]<\/p>\n","protected":false},"author":1,"featured_media":0,"parent":0,"menu_order":0,"comment_status":"closed","ping_status":"closed","template":"","meta":{"footnotes":""},"class_list":["post-51","page","type-page","status-publish","hentry"],"_links":{"self":[{"href":"https:\/\/dixiepomerania.pl\/index.php?rest_route=\/wp\/v2\/pages\/51","targetHints":{"allow":["GET"]}}],"collection":[{"href":"https:\/\/dixiepomerania.pl\/index.php?rest_route=\/wp\/v2\/pages"}],"about":[{"href":"https:\/\/dixiepomerania.pl\/index.php?rest_route=\/wp\/v2\/types\/page"}],"author":[{"embeddable":true,"href":"https:\/\/dixiepomerania.pl\/index.php?rest_route=\/wp\/v2\/users\/1"}],"replies":[{"embeddable":true,"href":"https:\/\/dixiepomerania.pl\/index.php?rest_route=%2Fwp%2Fv2%2Fcomments&post=51"}],"version-history":[{"count":390,"href":"https:\/\/dixiepomerania.pl\/index.php?rest_route=\/wp\/v2\/pages\/51\/revisions"}],"predecessor-version":[{"id":5526,"href":"https:\/\/dixiepomerania.pl\/index.php?rest_route=\/wp\/v2\/pages\/51\/revisions\/5526"}],"wp:attachment":[{"href":"https:\/\/dixiepomerania.pl\/index.php?rest_route=%2Fwp%2Fv2%2Fmedia&parent=51"}],"curies":[{"name":"wp","href":"https:\/\/api.w.org\/{rel}","templated":true}]}}