{"id":4178,"date":"2025-08-06T12:16:15","date_gmt":"2025-08-06T10:16:15","guid":{"rendered":"https:\/\/dixiepomerania.pl\/?page_id=4178"},"modified":"2026-04-14T13:29:59","modified_gmt":"2026-04-14T11:29:59","slug":"magazynki","status":"publish","type":"page","link":"https:\/\/dixiepomerania.pl\/?page_id=4178","title":{"rendered":"Magazynki"},"content":{"rendered":"\n<p><strong><em><mark style=\"background-color:rgba(0, 0, 0, 0);color:#74c011\" class=\"has-inline-color\">Strona jest aktualizowana raz dziennie!<\/mark><\/em><\/strong><\/p>\n\n\n\n<p>MAGPUL AR\/M4 PMAG30 Gen M2 magazynek kal. 223 Rem.\/5,56 NATO 30-nab. do AR-15 . Cena 75 PLN<\/p>\n\n\n\n<p>Colt 1911 (RIA, Chiappa) Mec-Gar magazynek 7-nab., kal. 45ACP, Mec-Gar, W\u0142ochy. Cena 110 PLN    REZERWACJA<\/p>\n\n\n\n<p>Taurus TX22 magazynek kal. 22LR, Taurus USA. Cena: 125 PLN<\/p>\n\n\n\n<p>Walther PDP Compact\/PPQ magazynek 15-nab, kal. 9mm Luger. Cena: 250 PLN<\/p>\n\n\n\n<p>Walther PDP Full Size magazynek 18-nab, kal. 9mm Luger. Cena: 250 PLN<\/p>\n\n\n\n<p>Walther Walther Colt 1911 (kal. 22LR) magazynek 12-nab. Cena: 160 PLN<\/p>\n\n\n\n<p>Beretta 92 FS magazynek 30 nb. Sprzeda\u017c komisowa, stan jak nowy. Cena 200 PLN<\/p>\n\n\n\n<p>Glock magazynek 33 nb. Sprzeda\u017c komisowa, stan jak nowy. Cena 200 PLN<\/p>\n\n\n\n<p>HS\/XDM magazynek 30 nb. Sprzeda\u017c komisowa, stan jak nowy. Cena 200 PLN<\/p>\n\n\n\n<p>H&amp;K SFP9\/P30 magazynek 30 nb. Sprzeda\u017c komisowa, stan jak nowy. Cena 300 PLN<\/p>\n\n\n\n<p>H&amp;K MP5magazynek 40 nb. Sprzeda\u017c komisowa, stan jak nowy. Cena 300 PLN<\/p>\n\n\n\n<p>Grand Power magazynek 30 nb. Sprzeda\u017c komisowa, stan jak nowy. Cena 200 PLN<\/p>\n\n\n\n<p><img loading=\"lazy\" decoding=\"async\" width=\"150\" height=\"113\" class=\"wp-image-4700\" style=\"width: 150px;\" src=\"https:\/\/dixiepomerania.pl\/wp-content\/uploads\/2025\/11\/acc-ar15-100dd.avif\" alt=\"\" srcset=\"https:\/\/dixiepomerania.pl\/wp-content\/uploads\/2025\/11\/acc-ar15-100dd.avif 722w, https:\/\/dixiepomerania.pl\/wp-content\/uploads\/2025\/11\/acc-ar15-100dd-300x225.avif 300w\" sizes=\"auto, (max-width: 150px) 100vw, 150px\" \/> AR 15 (M16\/M4) magazynek 100 nab. + \u0142adownica\/kabura. Sprzeda\u017c komisowa, stan jak nowy. Cena 900 PLN<\/p>\n\n\n\n<p><img loading=\"lazy\" decoding=\"async\" width=\"150\" height=\"125\" class=\"wp-image-2912\" style=\"width: 150px;\" src=\"https:\/\/dixiepomerania.pl\/wp-content\/uploads\/2024\/10\/msm_0083-01.jpg\" alt=\"\" srcset=\"https:\/\/dixiepomerania.pl\/wp-content\/uploads\/2024\/10\/msm_0083-01.jpg 524w, https:\/\/dixiepomerania.pl\/wp-content\/uploads\/2024\/10\/msm_0083-01-300x250.jpg 300w\" sizes=\"auto, (max-width: 150px) 100vw, 150px\" \/> Nambu Typ 14 magazynek, kal. 8mm Nambu, oryginalny, u\u017cywany magazynek Japo\u0144skiej armii z okresu Drugiej Wojny \u015awiatowej (msm_0083). Cena 850 PLN<\/p>\n\n\n\n<p><img loading=\"lazy\" decoding=\"async\" width=\"150\" height=\"129\" class=\"wp-image-2913\" style=\"width: 150px;\" src=\"https:\/\/dixiepomerania.pl\/wp-content\/uploads\/2024\/10\/msm_0084-01.jpg\" alt=\"\" srcset=\"https:\/\/dixiepomerania.pl\/wp-content\/uploads\/2024\/10\/msm_0084-01.jpg 529w, https:\/\/dixiepomerania.pl\/wp-content\/uploads\/2024\/10\/msm_0084-01-300x259.jpg 300w\" sizes=\"auto, (max-width: 150px) 100vw, 150px\" \/> S&amp;W M.41 magazynek, kal. 22 LR, oryginalny, u\u017cywany magazynek (msm_0084). Cena 450 PLN<\/p>\n\n\n\n<p><img loading=\"lazy\" decoding=\"async\" width=\"150\" height=\"117\" class=\"wp-image-2914\" style=\"width: 150px;\" src=\"https:\/\/dixiepomerania.pl\/wp-content\/uploads\/2024\/10\/msm_0085-01.jpg\" alt=\"\" srcset=\"https:\/\/dixiepomerania.pl\/wp-content\/uploads\/2024\/10\/msm_0085-01.jpg 516w, https:\/\/dixiepomerania.pl\/wp-content\/uploads\/2024\/10\/msm_0085-01-300x234.jpg 300w\" sizes=\"auto, (max-width: 150px) 100vw, 150px\" \/> Makarow magazynek, kal. 9mm Makarow, oryginalny, u\u017cywany magazynek (msm_0085). Cena 145 PLN<\/p>\n\n\n\n<p><img loading=\"lazy\" decoding=\"async\" width=\"150\" height=\"137\" class=\"wp-image-2915\" style=\"width: 150px;\" src=\"https:\/\/dixiepomerania.pl\/wp-content\/uploads\/2024\/10\/msm_0086-01.jpg\" alt=\"\" srcset=\"https:\/\/dixiepomerania.pl\/wp-content\/uploads\/2024\/10\/msm_0086-01.jpg 468w, https:\/\/dixiepomerania.pl\/wp-content\/uploads\/2024\/10\/msm_0086-01-300x274.jpg 300w\" sizes=\"auto, (max-width: 150px) 100vw, 150px\" \/> Llama M.II &amp; M.III Old Style magazynek, kal. 9mm Browning\/380 ACP, oryginalny, u\u017cywany magazynek (msm_0086). Cena 185 PLN<\/p>\n\n\n\n<p><img loading=\"lazy\" decoding=\"async\" width=\"150\" height=\"127\" class=\"wp-image-2916\" style=\"width: 150px;\" src=\"https:\/\/dixiepomerania.pl\/wp-content\/uploads\/2024\/10\/msm_0087-01.jpg\" alt=\"\" srcset=\"https:\/\/dixiepomerania.pl\/wp-content\/uploads\/2024\/10\/msm_0087-01.jpg 527w, https:\/\/dixiepomerania.pl\/wp-content\/uploads\/2024\/10\/msm_0087-01-300x254.jpg 300w\" sizes=\"auto, (max-width: 150px) 100vw, 150px\" \/> CZ 24 magazynek, kal. 9mm Browning\/380 ACP, oryginalny, u\u017cywany magazynek (msm_0087). Cena 350 PLN<\/p>\n\n\n\n<p><img loading=\"lazy\" decoding=\"async\" width=\"150\" height=\"137\" class=\"wp-image-2917\" style=\"width: 150px;\" src=\"https:\/\/dixiepomerania.pl\/wp-content\/uploads\/2024\/10\/msm_0088-02.jpg\" alt=\"\" srcset=\"https:\/\/dixiepomerania.pl\/wp-content\/uploads\/2024\/10\/msm_0088-02.jpg 505w, https:\/\/dixiepomerania.pl\/wp-content\/uploads\/2024\/10\/msm_0088-02-300x274.jpg 300w\" sizes=\"auto, (max-width: 150px) 100vw, 150px\" \/> CZ 24 magazynek, kal. 9mm Browning\/380 ACP, okupacja Niemiecka oznaczony &#8222;P Mod 24&#8221; na stopce, oryginalny, u\u017cywany magazynek (msm_0088). Cena 400 PLN<\/p>\n\n\n\n<p><img loading=\"lazy\" decoding=\"async\" width=\"150\" height=\"127\" class=\"wp-image-2918\" style=\"width: 150px;\" src=\"https:\/\/dixiepomerania.pl\/wp-content\/uploads\/2024\/10\/msm_0089-01.jpg\" alt=\"\" srcset=\"https:\/\/dixiepomerania.pl\/wp-content\/uploads\/2024\/10\/msm_0089-01.jpg 544w, https:\/\/dixiepomerania.pl\/wp-content\/uploads\/2024\/10\/msm_0089-01-300x254.jpg 300w\" sizes=\"auto, (max-width: 150px) 100vw, 150px\" \/> Colt .38 Super Auto magazynek, kal. .38 Super Auto, oryginalny, u\u017cywany magazynek (msm_0089). Cena 750 PLN<\/p>\n\n\n\n<p><img loading=\"lazy\" decoding=\"async\" width=\"150\" height=\"123\" class=\"wp-image-2919\" style=\"width: 150px;\" src=\"https:\/\/dixiepomerania.pl\/wp-content\/uploads\/2024\/10\/msm_0090-01.jpg\" alt=\"\" srcset=\"https:\/\/dixiepomerania.pl\/wp-content\/uploads\/2024\/10\/msm_0090-01.jpg 543w, https:\/\/dixiepomerania.pl\/wp-content\/uploads\/2024\/10\/msm_0090-01-300x247.jpg 300w\" sizes=\"auto, (max-width: 150px) 100vw, 150px\" \/> Tokariew TT-33 magazynek, kal. 7,62mm Tokariew, oryginalny, u\u017cywany magazynek (msm_0090). Cena 145 PLN  SPRZEDANY<\/p>\n\n\n\n<p><img loading=\"lazy\" decoding=\"async\" width=\"150\" height=\"130\" class=\"wp-image-2920\" style=\"width: 150px;\" src=\"https:\/\/dixiepomerania.pl\/wp-content\/uploads\/2024\/10\/msm_0091-01.jpg\" alt=\"\" srcset=\"https:\/\/dixiepomerania.pl\/wp-content\/uploads\/2024\/10\/msm_0091-01.jpg 501w, https:\/\/dixiepomerania.pl\/wp-content\/uploads\/2024\/10\/msm_0091-01-300x260.jpg 300w\" sizes=\"auto, (max-width: 150px) 100vw, 150px\" \/> Nieznany magazynek (msm_0091). Cena 145 PLN<\/p>\n\n\n\n<p><img loading=\"lazy\" decoding=\"async\" width=\"150\" height=\"126\" class=\"wp-image-2921\" style=\"width: 150px;\" src=\"https:\/\/dixiepomerania.pl\/wp-content\/uploads\/2024\/10\/msm_0092-01.jpg\" alt=\"\" srcset=\"https:\/\/dixiepomerania.pl\/wp-content\/uploads\/2024\/10\/msm_0092-01.jpg 540w, https:\/\/dixiepomerania.pl\/wp-content\/uploads\/2024\/10\/msm_0092-01-300x252.jpg 300w\" sizes=\"auto, (max-width: 150px) 100vw, 150px\" \/> Star B magazynek, kal. 9mm Luger, oryginalny, u\u017cywany magazynek (msm_0092). Cena 200 PLN  SPRZEDANY<\/p>\n\n\n\n<p><img loading=\"lazy\" decoding=\"async\" width=\"150\" height=\"120\" class=\"wp-image-2922\" style=\"width: 150px;\" src=\"https:\/\/dixiepomerania.pl\/wp-content\/uploads\/2024\/10\/msm_0093-01.jpg\" alt=\"\" srcset=\"https:\/\/dixiepomerania.pl\/wp-content\/uploads\/2024\/10\/msm_0093-01.jpg 558w, https:\/\/dixiepomerania.pl\/wp-content\/uploads\/2024\/10\/msm_0093-01-300x240.jpg 300w\" sizes=\"auto, (max-width: 150px) 100vw, 150px\" \/> Star B magazynek, kal. 9mm Luger, oryginalny, u\u017cywany magazynek (msm_0093). Cena 200 PLN  SPRZEDANY<\/p>\n\n\n\n<p><img loading=\"lazy\" decoding=\"async\" width=\"150\" height=\"130\" class=\"wp-image-2923\" style=\"width: 150px;\" src=\"https:\/\/dixiepomerania.pl\/wp-content\/uploads\/2024\/10\/msm_0094-01.jpg\" alt=\"\" srcset=\"https:\/\/dixiepomerania.pl\/wp-content\/uploads\/2024\/10\/msm_0094-01.jpg 507w, https:\/\/dixiepomerania.pl\/wp-content\/uploads\/2024\/10\/msm_0094-01-300x261.jpg 300w\" sizes=\"auto, (max-width: 150px) 100vw, 150px\" \/> Star B magazynek, kal. 9mm Luger, aftermarket, u\u017cywany magazynek (msm_0094). Cena 150 PLN  SPRZEDANY<\/p>\n\n\n\n<p><img loading=\"lazy\" decoding=\"async\" width=\"150\" height=\"115\" class=\"wp-image-2924\" style=\"width: 150px;\" src=\"https:\/\/dixiepomerania.pl\/wp-content\/uploads\/2024\/10\/msm_0095-01.jpg\" alt=\"\" srcset=\"https:\/\/dixiepomerania.pl\/wp-content\/uploads\/2024\/10\/msm_0095-01.jpg 555w, https:\/\/dixiepomerania.pl\/wp-content\/uploads\/2024\/10\/msm_0095-01-300x230.jpg 300w\" sizes=\"auto, (max-width: 150px) 100vw, 150px\" \/> Colt 1911 magazynek, kal. 45 ACP, u\u017cywany magazynek (msm_0095). Cena 300 PLN<\/p>\n\n\n\n<p><img loading=\"lazy\" decoding=\"async\" width=\"150\" height=\"119\" class=\"wp-image-2925\" style=\"width: 150px;\" src=\"https:\/\/dixiepomerania.pl\/wp-content\/uploads\/2024\/10\/msm_0096-01.jpg\" alt=\"\" srcset=\"https:\/\/dixiepomerania.pl\/wp-content\/uploads\/2024\/10\/msm_0096-01.jpg 545w, https:\/\/dixiepomerania.pl\/wp-content\/uploads\/2024\/10\/msm_0096-01-300x238.jpg 300w\" sizes=\"auto, (max-width: 150px) 100vw, 150px\" \/> Colt 1911 Two-Tone magazynek, kal. 45 ACP, oryginalny, u\u017cywany magazynek (msm_0096). Cena 750 PLN<\/p>\n\n\n\n<p><img loading=\"lazy\" decoding=\"async\" width=\"150\" height=\"129\" class=\"wp-image-2926\" style=\"width: 150px;\" src=\"https:\/\/dixiepomerania.pl\/wp-content\/uploads\/2024\/10\/msm_0097-01.jpg\" alt=\"\" srcset=\"https:\/\/dixiepomerania.pl\/wp-content\/uploads\/2024\/10\/msm_0097-01.jpg 520w, https:\/\/dixiepomerania.pl\/wp-content\/uploads\/2024\/10\/msm_0097-01-300x258.jpg 300w\" sizes=\"auto, (max-width: 150px) 100vw, 150px\" \/> Colt 1914 Norweski magazynek, kal. 45 ACP, oryginalny, u\u017cywany magazynek (msm_0097). Cena 400 PLN<\/p>\n\n\n\n<p><img loading=\"lazy\" decoding=\"async\" width=\"150\" height=\"132\" class=\"wp-image-2927\" style=\"width: 150px;\" src=\"https:\/\/dixiepomerania.pl\/wp-content\/uploads\/2024\/10\/msm_0098-01.jpg\" alt=\"\" srcset=\"https:\/\/dixiepomerania.pl\/wp-content\/uploads\/2024\/10\/msm_0098-01.jpg 506w, https:\/\/dixiepomerania.pl\/wp-content\/uploads\/2024\/10\/msm_0098-01-300x264.jpg 300w\" sizes=\"auto, (max-width: 150px) 100vw, 150px\" \/> Colt 1914 Norweski magazynek, kal. 45 ACP, oryginalny, u\u017cywany magazynek (msm_0098). Cena 400 PLN<\/p>\n\n\n\n<p><img loading=\"lazy\" decoding=\"async\" width=\"150\" height=\"120\" class=\"wp-image-2928\" style=\"width: 150px;\" src=\"https:\/\/dixiepomerania.pl\/wp-content\/uploads\/2024\/10\/msm_0099-01.jpg\" alt=\"\" srcset=\"https:\/\/dixiepomerania.pl\/wp-content\/uploads\/2024\/10\/msm_0099-01.jpg 553w, https:\/\/dixiepomerania.pl\/wp-content\/uploads\/2024\/10\/msm_0099-01-300x241.jpg 300w\" sizes=\"auto, (max-width: 150px) 100vw, 150px\" \/> Colt 1914 Norweski magazynek, kal. 45 ACP, oryginalny, u\u017cywany magazynek (msm_0099). Cena 400 PLN<\/p>\n\n\n\n<p><img loading=\"lazy\" decoding=\"async\" width=\"150\" height=\"114\" class=\"wp-image-2929\" style=\"width: 150px;\" src=\"https:\/\/dixiepomerania.pl\/wp-content\/uploads\/2024\/10\/msm_0100-01.jpg\" alt=\"\" srcset=\"https:\/\/dixiepomerania.pl\/wp-content\/uploads\/2024\/10\/msm_0100-01.jpg 566w, https:\/\/dixiepomerania.pl\/wp-content\/uploads\/2024\/10\/msm_0100-01-300x229.jpg 300w\" sizes=\"auto, (max-width: 150px) 100vw, 150px\" \/> Colt 1914 Norweski magazynek, kal. 45 ACP, oryginalny, u\u017cywany magazynek (msm_0100). Cena 400 PLN<\/p>\n\n\n\n<p><img loading=\"lazy\" decoding=\"async\" width=\"150\" height=\"124\" class=\"wp-image-2930\" style=\"width: 150px;\" src=\"https:\/\/dixiepomerania.pl\/wp-content\/uploads\/2024\/10\/msm_0101-01.jpg\" alt=\"\" srcset=\"https:\/\/dixiepomerania.pl\/wp-content\/uploads\/2024\/10\/msm_0101-01.jpg 533w, https:\/\/dixiepomerania.pl\/wp-content\/uploads\/2024\/10\/msm_0101-01-300x248.jpg 300w\" sizes=\"auto, (max-width: 150px) 100vw, 150px\" \/> Walther P-38\/P-1 magazynek, kal. 9mm Luger, oryginalny, u\u017cywany magazynek (msm_0101). Cena 200 PLN<\/p>\n\n\n\n<p><img loading=\"lazy\" decoding=\"async\" width=\"150\" height=\"125\" class=\"wp-image-2931\" style=\"width: 150px;\" src=\"https:\/\/dixiepomerania.pl\/wp-content\/uploads\/2024\/10\/msm_0102-01.jpg\" alt=\"\" srcset=\"https:\/\/dixiepomerania.pl\/wp-content\/uploads\/2024\/10\/msm_0102-01.jpg 544w, https:\/\/dixiepomerania.pl\/wp-content\/uploads\/2024\/10\/msm_0102-01-300x250.jpg 300w\" sizes=\"auto, (max-width: 150px) 100vw, 150px\" \/> Walther P-38\/P-1 magazynek, kal. 9mm Luger, oryginalny, u\u017cywany magazynek (msm_0102). Cena 200 PLN<\/p>\n\n\n\n<p><img loading=\"lazy\" decoding=\"async\" width=\"150\" height=\"126\" class=\"wp-image-2933\" style=\"width: 150px;\" src=\"https:\/\/dixiepomerania.pl\/wp-content\/uploads\/2024\/10\/msm_0104-01.jpg\" alt=\"\" srcset=\"https:\/\/dixiepomerania.pl\/wp-content\/uploads\/2024\/10\/msm_0104-01.jpg 530w, https:\/\/dixiepomerania.pl\/wp-content\/uploads\/2024\/10\/msm_0104-01-300x251.jpg 300w\" sizes=\"auto, (max-width: 150px) 100vw, 150px\" \/> Walther P-38\/P-1 magazynek, kal. 9mm Luger, oryginalny, u\u017cywany magazynek (msm_0104). Cena 250 PLN<\/p>\n\n\n\n<p><img loading=\"lazy\" decoding=\"async\" width=\"150\" height=\"129\" class=\"wp-image-2934\" style=\"width: 150px;\" src=\"https:\/\/dixiepomerania.pl\/wp-content\/uploads\/2024\/10\/msm_0105-01.jpg\" alt=\"\" srcset=\"https:\/\/dixiepomerania.pl\/wp-content\/uploads\/2024\/10\/msm_0105-01.jpg 514w, https:\/\/dixiepomerania.pl\/wp-content\/uploads\/2024\/10\/msm_0105-01-300x259.jpg 300w\" sizes=\"auto, (max-width: 150px) 100vw, 150px\" \/> Walther P-38\/P-1 magazynek, kal. 9mm Luger, oryginalny, u\u017cywany magazynek (msm_0105). Cena 250 PLN<\/p>\n\n\n\n<p><img loading=\"lazy\" decoding=\"async\" width=\"150\" height=\"118\" class=\"wp-image-2935\" style=\"width: 150px;\" src=\"https:\/\/dixiepomerania.pl\/wp-content\/uploads\/2024\/10\/msm_0106-01.jpg\" alt=\"\" srcset=\"https:\/\/dixiepomerania.pl\/wp-content\/uploads\/2024\/10\/msm_0106-01.jpg 551w, https:\/\/dixiepomerania.pl\/wp-content\/uploads\/2024\/10\/msm_0106-01-300x235.jpg 300w\" sizes=\"auto, (max-width: 150px) 100vw, 150px\" \/> Walther P-38\/P-1 magazynek, kal. 9mm Luger, oryginalny, wojskowy\/NATO u\u017cywany magazynek (msm_0106). Cena 300 PLN<\/p>\n\n\n\n<p><img loading=\"lazy\" decoding=\"async\" width=\"150\" height=\"138\" class=\"wp-image-2940\" style=\"width: 150px;\" src=\"https:\/\/dixiepomerania.pl\/wp-content\/uploads\/2024\/10\/msm_0072_Easy-Resize.com_.jpg\" alt=\"\" srcset=\"https:\/\/dixiepomerania.pl\/wp-content\/uploads\/2024\/10\/msm_0072_Easy-Resize.com_.jpg 1280w, https:\/\/dixiepomerania.pl\/wp-content\/uploads\/2024\/10\/msm_0072_Easy-Resize.com_-300x276.jpg 300w, https:\/\/dixiepomerania.pl\/wp-content\/uploads\/2024\/10\/msm_0072_Easy-Resize.com_-1024x941.jpg 1024w, https:\/\/dixiepomerania.pl\/wp-content\/uploads\/2024\/10\/msm_0072_Easy-Resize.com_-768x706.jpg 768w\" sizes=\"auto, (max-width: 150px) 100vw, 150px\" \/> Walther P-38\/P-1 magazynek, kal. 9mm Luger, oryginalny, wojskowy\/NATO u\u017cywany magazynek (msm_0072). Cena 300 PLN<\/p>\n\n\n\n<p><img loading=\"lazy\" decoding=\"async\" width=\"150\" height=\"115\" class=\"wp-image-2936\" style=\"width: 150px;\" src=\"https:\/\/dixiepomerania.pl\/wp-content\/uploads\/2024\/10\/msm_0107-01.jpg\" alt=\"\" srcset=\"https:\/\/dixiepomerania.pl\/wp-content\/uploads\/2024\/10\/msm_0107-01.jpg 539w, https:\/\/dixiepomerania.pl\/wp-content\/uploads\/2024\/10\/msm_0107-01-300x231.jpg 300w\" sizes=\"auto, (max-width: 150px) 100vw, 150px\" \/> Nieznany magazynek (msm_0107). Cena 120 PLN<\/p>\n\n\n\n<p><strong><em><mark style=\"background-color:rgba(0, 0, 0, 0)\" class=\"has-inline-color has-secondary-color\">Zapraszamy do naszego sklepu Dixie Pomerania w Gda\u0144sku!<\/mark><\/em><\/strong><\/p>\n","protected":false},"excerpt":{"rendered":"<p>Strona jest aktualizowana raz dziennie! MAGPUL AR\/M4 PMAG30 Gen M2 magazynek kal. 223 Rem.\/5,56 NATO 30-nab. do AR-15 . Cena 75 PLN Colt 1911 (RIA, Chiappa) Mec-Gar magazynek 7-nab., kal. 45ACP, Mec-Gar, W\u0142ochy. Cena 110 PLN REZERWACJA Taurus TX22 magazynek kal. 22LR, Taurus USA. Cena: 125 PLN Walther PDP Compact\/PPQ magazynek 15-nab, kal. 9mm Luger. [&hellip;]<\/p>\n","protected":false},"author":1,"featured_media":0,"parent":0,"menu_order":0,"comment_status":"closed","ping_status":"closed","template":"","meta":{"footnotes":""},"class_list":["post-4178","page","type-page","status-publish","hentry"],"_links":{"self":[{"href":"https:\/\/dixiepomerania.pl\/index.php?rest_route=\/wp\/v2\/pages\/4178","targetHints":{"allow":["GET"]}}],"collection":[{"href":"https:\/\/dixiepomerania.pl\/index.php?rest_route=\/wp\/v2\/pages"}],"about":[{"href":"https:\/\/dixiepomerania.pl\/index.php?rest_route=\/wp\/v2\/types\/page"}],"author":[{"embeddable":true,"href":"https:\/\/dixiepomerania.pl\/index.php?rest_route=\/wp\/v2\/users\/1"}],"replies":[{"embeddable":true,"href":"https:\/\/dixiepomerania.pl\/index.php?rest_route=%2Fwp%2Fv2%2Fcomments&post=4178"}],"version-history":[{"count":21,"href":"https:\/\/dixiepomerania.pl\/index.php?rest_route=\/wp\/v2\/pages\/4178\/revisions"}],"predecessor-version":[{"id":5529,"href":"https:\/\/dixiepomerania.pl\/index.php?rest_route=\/wp\/v2\/pages\/4178\/revisions\/5529"}],"wp:attachment":[{"href":"https:\/\/dixiepomerania.pl\/index.php?rest_route=%2Fwp%2Fv2%2Fmedia&parent=4178"}],"curies":[{"name":"wp","href":"https:\/\/api.w.org\/{rel}","templated":true}]}}