{"id":1087,"date":"2023-11-16T15:38:08","date_gmt":"2023-11-16T14:38:08","guid":{"rendered":"https:\/\/dixiepomerania.pl\/?page_id=1087"},"modified":"2026-02-16T16:46:44","modified_gmt":"2026-02-16T15:46:44","slug":"ksiazki","status":"publish","type":"page","link":"https:\/\/dixiepomerania.pl\/?page_id=1087","title":{"rendered":"Ksi\u0105\u017cki"},"content":{"rendered":"\n<p><strong><em><mark style=\"background-color:rgba(0, 0, 0, 0);color:#74c011\" class=\"has-inline-color\">Strona jest aktualizowana raz dziennie!<\/mark><\/em><\/strong><\/p>\n\n\n\n<p><img loading=\"lazy\" decoding=\"async\" width=\"150\" height=\"221\" class=\"wp-image-5229\" style=\"width: 150px;\" src=\"https:\/\/dixiepomerania.pl\/wp-content\/uploads\/2026\/02\/Slwni-Polacy.jpeg\" alt=\"\" srcset=\"https:\/\/dixiepomerania.pl\/wp-content\/uploads\/2026\/02\/Slwni-Polacy.jpeg 1557w, https:\/\/dixiepomerania.pl\/wp-content\/uploads\/2026\/02\/Slwni-Polacy-204x300.jpeg 204w, https:\/\/dixiepomerania.pl\/wp-content\/uploads\/2026\/02\/Slwni-Polacy-696x1024.jpeg 696w, https:\/\/dixiepomerania.pl\/wp-content\/uploads\/2026\/02\/Slwni-Polacy-768x1131.jpeg 768w, https:\/\/dixiepomerania.pl\/wp-content\/uploads\/2026\/02\/Slwni-Polacy-1043x1536.jpeg 1043w, https:\/\/dixiepomerania.pl\/wp-content\/uploads\/2026\/02\/Slwni-Polacy-1391x2048.jpeg 1391w\" sizes=\"auto, (max-width: 150px) 100vw, 150px\" \/> Ksi\u0105\u017cka: &#8222;S\u0142awni Polacy, Wodzowie i \u017bo\u0142nierze&#8221;, liczba stron: 64, Wydawnictwo Podsiedlik-Raniowski. Cena: 125 PLN<\/p>\n\n\n\n<p><img loading=\"lazy\" decoding=\"async\" width=\"150\" height=\"206\" class=\"wp-image-5206\" style=\"width: 150px;\" src=\"https:\/\/dixiepomerania.pl\/wp-content\/uploads\/2026\/02\/Brit-Bayo-rotated.jpeg\" alt=\"\" srcset=\"https:\/\/dixiepomerania.pl\/wp-content\/uploads\/2026\/02\/Brit-Bayo-rotated.jpeg 695w, https:\/\/dixiepomerania.pl\/wp-content\/uploads\/2026\/02\/Brit-Bayo-218x300.jpeg 218w\" sizes=\"auto, (max-width: 150px) 100vw, 150px\" \/> Ksi\u0105\u017cka: &#8222;The Handbook of British Bayonets&#8221;, autor: Ian Skennerton, liczba stron: 64, w j\u0119zyku angielskim. Cena 40 PLN<\/p>\n\n\n\n<p><img loading=\"lazy\" decoding=\"async\" width=\"150\" height=\"227\" class=\"wp-image-5184\" style=\"width: 150px;\" src=\"https:\/\/dixiepomerania.pl\/wp-content\/uploads\/2026\/02\/aub_0003.jpg\" alt=\"\" srcset=\"https:\/\/dixiepomerania.pl\/wp-content\/uploads\/2026\/02\/aub_0003.jpg 301w, https:\/\/dixiepomerania.pl\/wp-content\/uploads\/2026\/02\/aub_0003-198x300.jpg 198w\" sizes=\"auto, (max-width: 150px) 100vw, 150px\" \/> Ksi\u0105\u017cka: &#8222;The Colonial Garrison 1817-1824. The 48th Foot The Northhamptonshire Regiment in the Colony of New South Wales&#8221;, autor: Clem Sargent, liczba stron: 200, TCS Publications, Canberra, Australia, w j\u0119zyku angielskim. Cena 180 PLN<\/p>\n\n\n\n<p><img loading=\"lazy\" decoding=\"async\" width=\"150\" height=\"221\" class=\"wp-image-5198\" style=\"width: 150px;\" src=\"https:\/\/dixiepomerania.pl\/wp-content\/uploads\/2026\/02\/plb_0019.jpg\" alt=\"\" srcset=\"https:\/\/dixiepomerania.pl\/wp-content\/uploads\/2026\/02\/plb_0019.jpg 333w, https:\/\/dixiepomerania.pl\/wp-content\/uploads\/2026\/02\/plb_0019-203x300.jpg 203w\" sizes=\"auto, (max-width: 150px) 100vw, 150px\" \/> Ksi\u0105\u017cka: &#8222;Pierwszy Pu\u0142k Szwole\u017cer\u00f3w Gwardii Cesarskiej 1807-1815&#8221;, autor: Andrzej Zi\u00f3\u0142kowski, liczba stron: 104, w j\u0119zyku polskim, Ajaks, Pruszk\u00f3w 1996. Cena: 180 PLN<\/p>\n\n\n\n<p><img loading=\"lazy\" decoding=\"async\" width=\"150\" height=\"199\" class=\"wp-image-5216\" style=\"width: 150px;\" src=\"https:\/\/dixiepomerania.pl\/wp-content\/uploads\/2026\/02\/Complete.jpeg\" alt=\"\" srcset=\"https:\/\/dixiepomerania.pl\/wp-content\/uploads\/2026\/02\/Complete.jpeg 1651w, https:\/\/dixiepomerania.pl\/wp-content\/uploads\/2026\/02\/Complete-226x300.jpeg 226w, https:\/\/dixiepomerania.pl\/wp-content\/uploads\/2026\/02\/Complete-771x1024.jpeg 771w, https:\/\/dixiepomerania.pl\/wp-content\/uploads\/2026\/02\/Complete-768x1020.jpeg 768w, https:\/\/dixiepomerania.pl\/wp-content\/uploads\/2026\/02\/Complete-1157x1536.jpeg 1157w, https:\/\/dixiepomerania.pl\/wp-content\/uploads\/2026\/02\/Complete-1543x2048.jpeg 1543w\" sizes=\"auto, (max-width: 150px) 100vw, 150px\" \/> Ksi\u0105\u017cka: &#8222;Complete Book of Firearms. The Origin, Design and Development of the Gun&#8221;, autor: Sergio Masini i Gian Rodolfo Rotasso, liczba stron: 288, w j\u0119zyku angielskim. Cena: 180 PLN<\/p>\n\n\n\n<p><img loading=\"lazy\" decoding=\"async\" width=\"150\" height=\"204\" class=\"wp-image-5218\" style=\"width: 150px;\" src=\"https:\/\/dixiepomerania.pl\/wp-content\/uploads\/2026\/02\/Dzieje-Oreza-rotated.jpeg\" alt=\"\" srcset=\"https:\/\/dixiepomerania.pl\/wp-content\/uploads\/2026\/02\/Dzieje-Oreza-rotated.jpeg 1482w, https:\/\/dixiepomerania.pl\/wp-content\/uploads\/2026\/02\/Dzieje-Oreza-220x300.jpeg 220w, https:\/\/dixiepomerania.pl\/wp-content\/uploads\/2026\/02\/Dzieje-Oreza-752x1024.jpeg 752w, https:\/\/dixiepomerania.pl\/wp-content\/uploads\/2026\/02\/Dzieje-Oreza-768x1045.jpeg 768w, https:\/\/dixiepomerania.pl\/wp-content\/uploads\/2026\/02\/Dzieje-Oreza-1129x1536.jpeg 1129w\" sizes=\"auto, (max-width: 150px) 100vw, 150px\" \/> Ksi\u0105\u017cka: &#8222;Dzieje Or\u0119\u017ca Polskiego w Epoce Napoleo\u0144skiej 1795-1815&#8221;, autor: Dr. Maryan Kukiel, liczba stron: 498, Wydawnictwo Kurpisz, Pozna\u0144 1996 (reprint wydania z 1912 roku). Cena: 195 PLN<\/p>\n\n\n\n<p><img loading=\"lazy\" decoding=\"async\" width=\"150\" height=\"218\" class=\"wp-image-5221\" style=\"width: 150px;\" src=\"https:\/\/dixiepomerania.pl\/wp-content\/uploads\/2026\/02\/Vickers-rotated.jpeg\" alt=\"\" srcset=\"https:\/\/dixiepomerania.pl\/wp-content\/uploads\/2026\/02\/Vickers-rotated.jpeg 1410w, https:\/\/dixiepomerania.pl\/wp-content\/uploads\/2026\/02\/Vickers-207x300.jpeg 207w, https:\/\/dixiepomerania.pl\/wp-content\/uploads\/2026\/02\/Vickers-706x1024.jpeg 706w, https:\/\/dixiepomerania.pl\/wp-content\/uploads\/2026\/02\/Vickers-768x1114.jpeg 768w, https:\/\/dixiepomerania.pl\/wp-content\/uploads\/2026\/02\/Vickers-1059x1536.jpeg 1059w\" sizes=\"auto, (max-width: 150px) 100vw, 150px\" \/> Ksi\u0105\u017cka: &#8222;.303 Vickers Medium Machine Gun&#8221;, autor: Ian Skennerton, liczba stron: 48, w j\u0119zyku angielskim. Cena 90 PLN<\/p>\n\n\n\n<p><img loading=\"lazy\" decoding=\"async\" width=\"150\" height=\"210\" class=\"wp-image-5223\" style=\"width: 150px;\" src=\"https:\/\/dixiepomerania.pl\/wp-content\/uploads\/2026\/02\/Thompson-rotated.jpeg\" alt=\"\" srcset=\"https:\/\/dixiepomerania.pl\/wp-content\/uploads\/2026\/02\/Thompson-rotated.jpeg 1402w, https:\/\/dixiepomerania.pl\/wp-content\/uploads\/2026\/02\/Thompson-214x300.jpeg 214w, https:\/\/dixiepomerania.pl\/wp-content\/uploads\/2026\/02\/Thompson-732x1024.jpeg 732w, https:\/\/dixiepomerania.pl\/wp-content\/uploads\/2026\/02\/Thompson-768x1075.jpeg 768w, https:\/\/dixiepomerania.pl\/wp-content\/uploads\/2026\/02\/Thompson-1098x1536.jpeg 1098w\" sizes=\"auto, (max-width: 150px) 100vw, 150px\" \/> Ksi\u0105\u017cka: &#8222;.45 Thompson Sub-machine Gun&#8221;, autor: Ian Skennerton, liczba stron: 48, w j\u0119zyku angielskim. Cena 90 PLN<\/p>\n\n\n\n<p><img loading=\"lazy\" decoding=\"async\" width=\"150\" height=\"195\" class=\"wp-image-5231\" style=\"width: 150px;\" src=\"https:\/\/dixiepomerania.pl\/wp-content\/uploads\/2026\/02\/101-Arcydziel.jpeg\" alt=\"\" srcset=\"https:\/\/dixiepomerania.pl\/wp-content\/uploads\/2026\/02\/101-Arcydziel.jpeg 1538w, https:\/\/dixiepomerania.pl\/wp-content\/uploads\/2026\/02\/101-Arcydziel-231x300.jpeg 231w, https:\/\/dixiepomerania.pl\/wp-content\/uploads\/2026\/02\/101-Arcydziel-787x1024.jpeg 787w, https:\/\/dixiepomerania.pl\/wp-content\/uploads\/2026\/02\/101-Arcydziel-768x999.jpeg 768w, https:\/\/dixiepomerania.pl\/wp-content\/uploads\/2026\/02\/101-Arcydziel-1181x1536.jpeg 1181w\" sizes=\"auto, (max-width: 150px) 100vw, 150px\" \/> Ksi\u0105\u017cka: &#8222;101 Arcydzie\u0142 Dawnych Mistrz\u00f3w XV-XVIII Wieku. Uzbrojenie &#8211; Bro\u0144 Tapiserie&#8221;, liczba stron: 224, w j\u0119zyku polskim i angielskim, Malbork 2002. Cena: 175 PLN<\/p>\n\n\n\n<p><img loading=\"lazy\" decoding=\"async\" width=\"150\" height=\"198\" class=\"wp-image-5225\" style=\"width: 150px;\" src=\"https:\/\/dixiepomerania.pl\/wp-content\/uploads\/2026\/02\/Collector-rotated.jpeg\" alt=\"\" srcset=\"https:\/\/dixiepomerania.pl\/wp-content\/uploads\/2026\/02\/Collector-rotated.jpeg 1578w, https:\/\/dixiepomerania.pl\/wp-content\/uploads\/2026\/02\/Collector-227x300.jpeg 227w, https:\/\/dixiepomerania.pl\/wp-content\/uploads\/2026\/02\/Collector-774x1024.jpeg 774w, https:\/\/dixiepomerania.pl\/wp-content\/uploads\/2026\/02\/Collector-768x1016.jpeg 768w, https:\/\/dixiepomerania.pl\/wp-content\/uploads\/2026\/02\/Collector-1161x1536.jpeg 1161w, https:\/\/dixiepomerania.pl\/wp-content\/uploads\/2026\/02\/Collector-1548x2048.jpeg 1548w\" sizes=\"auto, (max-width: 150px) 100vw, 150px\" \/> Ksi\u0105\u017cka: &#8222;International Arms &amp; Militaria Collector No. 20 Annual&#8221;, liczba stron: 130, w j\u0119zyku angielskim. Cena: 60 PLN<\/p>\n\n\n\n<p><img loading=\"lazy\" decoding=\"async\" width=\"150\" height=\"180\" class=\"wp-image-5227\" style=\"width: 150px;\" src=\"https:\/\/dixiepomerania.pl\/wp-content\/uploads\/2026\/02\/Duetschen-rotated.jpeg\" alt=\"\" srcset=\"https:\/\/dixiepomerania.pl\/wp-content\/uploads\/2026\/02\/Duetschen-rotated.jpeg 1700w, https:\/\/dixiepomerania.pl\/wp-content\/uploads\/2026\/02\/Duetschen-250x300.jpeg 250w, https:\/\/dixiepomerania.pl\/wp-content\/uploads\/2026\/02\/Duetschen-852x1024.jpeg 852w, https:\/\/dixiepomerania.pl\/wp-content\/uploads\/2026\/02\/Duetschen-768x923.jpeg 768w, https:\/\/dixiepomerania.pl\/wp-content\/uploads\/2026\/02\/Duetschen-1278x1536.jpeg 1278w\" sizes=\"auto, (max-width: 150px) 100vw, 150px\" \/> Ksi\u0105\u017cka: &#8222;Die deutschen Militaergewehre und Maschinenpistolen 1871-1945&#8221;, autor: Hans Dieter Goetz, liczba stron: 248, w j\u0119zyku niemieckim, Motorbuch Verlag Stuttgart 1994. Cena: 350 PLN<\/p>\n\n\n\n<p><img loading=\"lazy\" decoding=\"async\" width=\"150\" height=\"180\" class=\"wp-image-5196\" style=\"width: 150px;\" src=\"https:\/\/dixiepomerania.pl\/wp-content\/uploads\/2026\/02\/plb_0037.jpg\" alt=\"\" srcset=\"https:\/\/dixiepomerania.pl\/wp-content\/uploads\/2026\/02\/plb_0037.jpg 393w, https:\/\/dixiepomerania.pl\/wp-content\/uploads\/2026\/02\/plb_0037-250x300.jpg 250w\" sizes=\"auto, (max-width: 150px) 100vw, 150px\" \/> Ksi\u0105\u017cka: &#8222;Collections of the Royal Castle of Wawel&#8221;, autor: Jerzy Szablowski, liczba stron: 276, w j\u0119zyku angielskim, Arkady, Warszawa 1994. Cena: 155 PLN<\/p>\n\n\n\n<p><img loading=\"lazy\" decoding=\"async\" width=\"150\" height=\"238\" class=\"wp-image-5208\" style=\"width: 150px;\" src=\"https:\/\/dixiepomerania.pl\/wp-content\/uploads\/2026\/02\/Brown.jpeg\" alt=\"\" srcset=\"https:\/\/dixiepomerania.pl\/wp-content\/uploads\/2026\/02\/Brown.jpeg 1036w, https:\/\/dixiepomerania.pl\/wp-content\/uploads\/2026\/02\/Brown-189x300.jpeg 189w, https:\/\/dixiepomerania.pl\/wp-content\/uploads\/2026\/02\/Brown-646x1024.jpeg 646w, https:\/\/dixiepomerania.pl\/wp-content\/uploads\/2026\/02\/Brown-768x1218.jpeg 768w, https:\/\/dixiepomerania.pl\/wp-content\/uploads\/2026\/02\/Brown-969x1536.jpeg 969w\" sizes=\"auto, (max-width: 150px) 100vw, 150px\" \/> Ksi\u0105\u017cka: &#8222;Illustrated Catalogue 'Brown&#8217; Military Gun, Ballard Sporting Rifles, Southerner Pistols, &amp; c.&#8221;, liczba stron: 20, w j\u0119zyku angielskim, Nowy York 1869 (reprint). Cena: 25 PLN<\/p>\n\n\n\n<p><img loading=\"lazy\" decoding=\"async\" width=\"150\" height=\"230\" class=\"wp-image-5210\" style=\"width: 150px;\" src=\"https:\/\/dixiepomerania.pl\/wp-content\/uploads\/2026\/02\/Maynard.jpeg\" alt=\"\" srcset=\"https:\/\/dixiepomerania.pl\/wp-content\/uploads\/2026\/02\/Maynard.jpeg 1045w, https:\/\/dixiepomerania.pl\/wp-content\/uploads\/2026\/02\/Maynard-196x300.jpeg 196w, https:\/\/dixiepomerania.pl\/wp-content\/uploads\/2026\/02\/Maynard-669x1024.jpeg 669w, https:\/\/dixiepomerania.pl\/wp-content\/uploads\/2026\/02\/Maynard-768x1176.jpeg 768w, https:\/\/dixiepomerania.pl\/wp-content\/uploads\/2026\/02\/Maynard-1003x1536.jpeg 1003w\" sizes=\"auto, (max-width: 150px) 100vw, 150px\" \/> Ksi\u0105\u017cka: &#8222;The 1890 Catalogue Maynard Rifle with Interchangeable Barrels &#8211; The Maynard Breech-Loading Firearms&#8221;, liczba stron: 40, w j\u0119zyku angielskim, Springfield 1890 (reprint). Cena: 25 PLN<\/p>\n\n\n\n<p><img loading=\"lazy\" decoding=\"async\" width=\"150\" height=\"235\" class=\"wp-image-5212\" style=\"width: 150px;\" src=\"https:\/\/dixiepomerania.pl\/wp-content\/uploads\/2026\/02\/Sub-Machine-Guns-rotated.jpeg\" alt=\"\" srcset=\"https:\/\/dixiepomerania.pl\/wp-content\/uploads\/2026\/02\/Sub-Machine-Guns-rotated.jpeg 814w, https:\/\/dixiepomerania.pl\/wp-content\/uploads\/2026\/02\/Sub-Machine-Guns-191x300.jpeg 191w, https:\/\/dixiepomerania.pl\/wp-content\/uploads\/2026\/02\/Sub-Machine-Guns-653x1024.jpeg 653w, https:\/\/dixiepomerania.pl\/wp-content\/uploads\/2026\/02\/Sub-Machine-Guns-768x1205.jpeg 768w\" sizes=\"auto, (max-width: 150px) 100vw, 150px\" \/> Ksi\u0105\u017cka: &#8222;Sub-Machine Guns: Austen &#8211; Owen &#8211; Thompson&#8221;, liczba stron: 64, w j\u0119zyku angielskim, Melbourne, Australia 1943 (reprint) . Cena: 45 PLN<\/p>\n\n\n\n<p><img loading=\"lazy\" decoding=\"async\" width=\"150\" height=\"106\" class=\"wp-image-5214\" style=\"width: 150px;\" src=\"https:\/\/dixiepomerania.pl\/wp-content\/uploads\/2026\/02\/Browning-rotated.jpeg\" alt=\"\" srcset=\"https:\/\/dixiepomerania.pl\/wp-content\/uploads\/2026\/02\/Browning-rotated.jpeg 1498w, https:\/\/dixiepomerania.pl\/wp-content\/uploads\/2026\/02\/Browning-300x211.jpeg 300w, https:\/\/dixiepomerania.pl\/wp-content\/uploads\/2026\/02\/Browning-1024x720.jpeg 1024w, https:\/\/dixiepomerania.pl\/wp-content\/uploads\/2026\/02\/Browning-768x540.jpeg 768w\" sizes=\"auto, (max-width: 150px) 100vw, 150px\" \/> Ksi\u0105\u017cka: &#8222;Hochleistungpistole Browning Die Browning 1935&#8221;, liczba stron: 40, w j\u0119zyku czeskim (reprint) . Cena: 40 PLN<\/p>\n\n\n\n<p><img loading=\"lazy\" decoding=\"async\" width=\"150\" height=\"215\" class=\"wp-image-5182\" style=\"width: 150px;\" src=\"https:\/\/dixiepomerania.pl\/wp-content\/uploads\/2026\/02\/plb_0015.jpg\" alt=\"\" srcset=\"https:\/\/dixiepomerania.pl\/wp-content\/uploads\/2026\/02\/plb_0015.jpg 447w, https:\/\/dixiepomerania.pl\/wp-content\/uploads\/2026\/02\/plb_0015-210x300.jpg 210w\" sizes=\"auto, (max-width: 150px) 100vw, 150px\" \/> Ksi\u0105\u017cka: &#8222;Dawna Bro\u0144 i Barwa Nr. 16\/1997&#8221;, liczba stron: 60, w j\u0119zyku polskim . Cena: 35 PLN<\/p>\n\n\n\n<p><img loading=\"lazy\" decoding=\"async\" width=\"150\" height=\"214\" class=\"wp-image-5186\" style=\"width: 150px;\" src=\"https:\/\/dixiepomerania.pl\/wp-content\/uploads\/2026\/02\/rub_0022.jpg\" alt=\"\" srcset=\"https:\/\/dixiepomerania.pl\/wp-content\/uploads\/2026\/02\/rub_0022.jpg 359w, https:\/\/dixiepomerania.pl\/wp-content\/uploads\/2026\/02\/rub_0022-210x300.jpg 210w\" sizes=\"auto, (max-width: 150px) 100vw, 150px\" \/> Ksi\u0105\u017cka: &#8222;Masterpieces of the Russian Hunting Arms from the State Hermitage Museum St. Petersburg&#8221;, autor: Jurij A. Miller, liczba stron: 144, w j\u0119zyku angielskim, Devantier 1996. Cena: 120 PLN<\/p>\n\n\n\n<p><img loading=\"lazy\" decoding=\"async\" width=\"150\" height=\"228\" class=\"wp-image-5200\" style=\"width: 150px;\" src=\"https:\/\/dixiepomerania.pl\/wp-content\/uploads\/2026\/02\/plb_0013.jpg\" alt=\"\" srcset=\"https:\/\/dixiepomerania.pl\/wp-content\/uploads\/2026\/02\/plb_0013.jpg 351w, https:\/\/dixiepomerania.pl\/wp-content\/uploads\/2026\/02\/plb_0013-198x300.jpg 198w\" sizes=\"auto, (max-width: 150px) 100vw, 150px\" \/> Ksi\u0105\u017cka: &#8222;Dawna Bro\u0144 My\u015bliwska&#8221;, autor: Aleksander Czerwi\u0144ski, liczba stron: 184, w j\u0119zyku polskim, Alma-Press, Warszawa 1997. Cena: 90 PLN<\/p>\n\n\n\n<p><img loading=\"lazy\" decoding=\"async\" width=\"150\" height=\"214\" class=\"wp-image-5194\" style=\"width: 150px;\" src=\"https:\/\/dixiepomerania.pl\/wp-content\/uploads\/2026\/02\/plb_0031.jpg\" alt=\"\" srcset=\"https:\/\/dixiepomerania.pl\/wp-content\/uploads\/2026\/02\/plb_0031.jpg 347w, https:\/\/dixiepomerania.pl\/wp-content\/uploads\/2026\/02\/plb_0031-210x300.jpg 210w\" sizes=\"auto, (max-width: 150px) 100vw, 150px\" \/> Ksi\u0105\u017cka: &#8222;Bro\u0144 Staro\u017cytna: Grecja, Rzym, Galia, Germania&#8221;, autor: Zdzis\u0142aw \u017bygulski jun., liczba stron: 192, w j\u0119zyku polskim, KAW, Warszawa 1998. Cena: 90 PLN<\/p>\n\n\n\n<p><img loading=\"lazy\" decoding=\"async\" width=\"150\" height=\"231\" class=\"wp-image-5188\" style=\"width: 150px;\" src=\"https:\/\/dixiepomerania.pl\/wp-content\/uploads\/2026\/02\/czb_0012.jpg\" alt=\"\" srcset=\"https:\/\/dixiepomerania.pl\/wp-content\/uploads\/2026\/02\/czb_0012.jpg 293w, https:\/\/dixiepomerania.pl\/wp-content\/uploads\/2026\/02\/czb_0012-195x300.jpg 195w\" sizes=\"auto, (max-width: 150px) 100vw, 150px\" \/> Ksi\u0105\u017cka: &#8222;Czechoslovak &amp; Czech Military Badges 1922-1997&#8221;, autor: Zdenek Krubl, liczba stron: 120, w j\u0119zyku angielskim, niemieckim i czeskim . Cena: 155 PLN<\/p>\n\n\n\n<p><img loading=\"lazy\" decoding=\"async\" width=\"150\" height=\"212\" class=\"wp-image-5190\" style=\"width: 150px;\" src=\"https:\/\/dixiepomerania.pl\/wp-content\/uploads\/2026\/02\/plb_0004.jpg\" alt=\"\" srcset=\"https:\/\/dixiepomerania.pl\/wp-content\/uploads\/2026\/02\/plb_0004.jpg 453w, https:\/\/dixiepomerania.pl\/wp-content\/uploads\/2026\/02\/plb_0004-212x300.jpg 212w\" sizes=\"auto, (max-width: 150px) 100vw, 150px\" \/> Ksi\u0105\u017cka: &#8222;Red Devils, Arnhem 1944&#8221;, autorzy: Janusz Ledwoch i Jacek Solarz, liczba stron: 62, w j\u0119zyku polskim . Cena: 30 PLN<\/p>\n\n\n\n<p><img loading=\"lazy\" decoding=\"async\" width=\"150\" height=\"220\" class=\"wp-image-5192\" style=\"width: 150px;\" src=\"https:\/\/dixiepomerania.pl\/wp-content\/uploads\/2026\/02\/plb_0005.jpg\" alt=\"\" srcset=\"https:\/\/dixiepomerania.pl\/wp-content\/uploads\/2026\/02\/plb_0005.jpg 437w, https:\/\/dixiepomerania.pl\/wp-content\/uploads\/2026\/02\/plb_0005-205x300.jpg 205w\" sizes=\"auto, (max-width: 150px) 100vw, 150px\" \/> Ksi\u0105\u017cka: &#8222;Marna 1914&#8221;, autor: Jacek Solarz, liczba stron: 52, w j\u0119zyku polskim . Cena: 30 PLN<\/p>\n\n\n\n<p><img loading=\"lazy\" decoding=\"async\" width=\"150\" height=\"208\" class=\"wp-image-5233\" style=\"width: 150px;\" src=\"https:\/\/dixiepomerania.pl\/wp-content\/uploads\/2026\/02\/Bron-Kapiszonowa.jpeg\" alt=\"\" srcset=\"https:\/\/dixiepomerania.pl\/wp-content\/uploads\/2026\/02\/Bron-Kapiszonowa.jpeg 1197w, https:\/\/dixiepomerania.pl\/wp-content\/uploads\/2026\/02\/Bron-Kapiszonowa-216x300.jpeg 216w, https:\/\/dixiepomerania.pl\/wp-content\/uploads\/2026\/02\/Bron-Kapiszonowa-737x1024.jpeg 737w, https:\/\/dixiepomerania.pl\/wp-content\/uploads\/2026\/02\/Bron-Kapiszonowa-768x1067.jpeg 768w, https:\/\/dixiepomerania.pl\/wp-content\/uploads\/2026\/02\/Bron-Kapiszonowa-1106x1536.jpeg 1106w\" sizes=\"auto, (max-width: 150px) 100vw, 150px\" \/> Ksi\u0105\u017cka: &#8222;Bro\u0144 Kapiszonowa&#8221;, autor: Krzysztof Rzemek, liczba stron: 64, w j\u0119zyku polskim . Cena: 50 PLN<\/p>\n\n\n\n<p><img loading=\"lazy\" decoding=\"async\" width=\"150\" height=\"221\" class=\"wp-image-5202\" style=\"width: 150px;\" src=\"https:\/\/dixiepomerania.pl\/wp-content\/uploads\/2026\/02\/plb_0066.jpg\" alt=\"\" srcset=\"https:\/\/dixiepomerania.pl\/wp-content\/uploads\/2026\/02\/plb_0066.jpg 276w, https:\/\/dixiepomerania.pl\/wp-content\/uploads\/2026\/02\/plb_0066-204x300.jpg 204w\" sizes=\"auto, (max-width: 150px) 100vw, 150px\" \/> Ksi\u0105\u017cka: &#8222;Wozy Bojowe Polskich Si\u0142 Zbrojnych 1940-1946&#8221;, autor: Janusz Magnuski, liczba stron: 281, w j\u0119zyku polskim . Cena: 155 PLN<\/p>\n\n\n\n<p><img loading=\"lazy\" decoding=\"async\" width=\"150\" height=\"214\" class=\"wp-image-5204\" style=\"width: 150px;\" src=\"https:\/\/dixiepomerania.pl\/wp-content\/uploads\/2026\/02\/plb_0062.jpg\" alt=\"\" srcset=\"https:\/\/dixiepomerania.pl\/wp-content\/uploads\/2026\/02\/plb_0062.jpg 578w, https:\/\/dixiepomerania.pl\/wp-content\/uploads\/2026\/02\/plb_0062-211x300.jpg 211w\" sizes=\"auto, (max-width: 150px) 100vw, 150px\" \/> Ksi\u0105\u017cka: &#8222;Uzbrojenie Lotnictwa Polskiego 1918-1939&#8221;, autor: Adam Popiel, liczba stron: 151, w j\u0119zyku polskim . Cena: 155 PLN<\/p>\n\n\n\n<p><img loading=\"lazy\" decoding=\"async\" width=\"150\" height=\"202\" class=\"wp-image-5235\" style=\"width: 150px;\" src=\"https:\/\/dixiepomerania.pl\/wp-content\/uploads\/2026\/02\/Historia-WP.jpeg\" alt=\"\" srcset=\"https:\/\/dixiepomerania.pl\/wp-content\/uploads\/2026\/02\/Historia-WP.jpeg 1678w, https:\/\/dixiepomerania.pl\/wp-content\/uploads\/2026\/02\/Historia-WP-223x300.jpeg 223w, https:\/\/dixiepomerania.pl\/wp-content\/uploads\/2026\/02\/Historia-WP-761x1024.jpeg 761w, https:\/\/dixiepomerania.pl\/wp-content\/uploads\/2026\/02\/Historia-WP-768x1033.jpeg 768w, https:\/\/dixiepomerania.pl\/wp-content\/uploads\/2026\/02\/Historia-WP-1141x1536.jpeg 1141w, https:\/\/dixiepomerania.pl\/wp-content\/uploads\/2026\/02\/Historia-WP-1522x2048.jpeg 1522w\" sizes=\"auto, (max-width: 150px) 100vw, 150px\" \/> Ksi\u0105\u017cka: &#8222;Historia Wojska Polskiego&#8221;, autor: Karol Olejnik, liczba stron: 128, w j\u0119zyku polskim . Cena: 155 PLN<\/p>\n\n\n\n<p><img loading=\"lazy\" decoding=\"async\" width=\"150\" height=\"230\" class=\"wp-image-5238\" style=\"width: 150px;\" src=\"https:\/\/dixiepomerania.pl\/wp-content\/uploads\/2026\/02\/Bagnet-Szpuntowy.jpeg\" alt=\"\" srcset=\"https:\/\/dixiepomerania.pl\/wp-content\/uploads\/2026\/02\/Bagnet-Szpuntowy.jpeg 1162w, https:\/\/dixiepomerania.pl\/wp-content\/uploads\/2026\/02\/Bagnet-Szpuntowy-195x300.jpeg 195w, https:\/\/dixiepomerania.pl\/wp-content\/uploads\/2026\/02\/Bagnet-Szpuntowy-667x1024.jpeg 667w, https:\/\/dixiepomerania.pl\/wp-content\/uploads\/2026\/02\/Bagnet-Szpuntowy-768x1179.jpeg 768w, https:\/\/dixiepomerania.pl\/wp-content\/uploads\/2026\/02\/Bagnet-Szpuntowy-1000x1536.jpeg 1000w\" sizes=\"auto, (max-width: 150px) 100vw, 150px\" \/> Ksi\u0105\u017cka: &#8222;Bagnet Szpuntowy&#8221;, autor: Maciej Pr\u00f3szy\u0144ski, liczba stron: 52, w j\u0119zyku polskim . Cena: 35 PLN<\/p>\n\n\n\n<p>Ksi\u0105\u017cka: &#8222;Odznaki Spadochroniarzy &#8211; Parachute Badges&#8221;, autor: Islam Musa Czachorowski, liczba stron: 22, w j\u0119zyku polskim i angielskim . Cena: 30 PLN    SPRZEDANE<\/p>\n\n\n\n<p><\/p>\n","protected":false},"excerpt":{"rendered":"<p>Strona jest aktualizowana raz dziennie! Ksi\u0105\u017cka: &#8222;S\u0142awni Polacy, Wodzowie i \u017bo\u0142nierze&#8221;, liczba stron: 64, Wydawnictwo Podsiedlik-Raniowski. Cena: 125 PLN Ksi\u0105\u017cka: &#8222;The Handbook of British Bayonets&#8221;, autor: Ian Skennerton, liczba stron: 64, w j\u0119zyku angielskim. Cena 40 PLN Ksi\u0105\u017cka: &#8222;The Colonial Garrison 1817-1824. The 48th Foot The Northhamptonshire Regiment in the Colony of New South Wales&#8221;, [&hellip;]<\/p>\n","protected":false},"author":1,"featured_media":0,"parent":0,"menu_order":0,"comment_status":"closed","ping_status":"closed","template":"","meta":{"footnotes":""},"class_list":["post-1087","page","type-page","status-publish","hentry"],"_links":{"self":[{"href":"https:\/\/dixiepomerania.pl\/index.php?rest_route=\/wp\/v2\/pages\/1087","targetHints":{"allow":["GET"]}}],"collection":[{"href":"https:\/\/dixiepomerania.pl\/index.php?rest_route=\/wp\/v2\/pages"}],"about":[{"href":"https:\/\/dixiepomerania.pl\/index.php?rest_route=\/wp\/v2\/types\/page"}],"author":[{"embeddable":true,"href":"https:\/\/dixiepomerania.pl\/index.php?rest_route=\/wp\/v2\/users\/1"}],"replies":[{"embeddable":true,"href":"https:\/\/dixiepomerania.pl\/index.php?rest_route=%2Fwp%2Fv2%2Fcomments&post=1087"}],"version-history":[{"count":35,"href":"https:\/\/dixiepomerania.pl\/index.php?rest_route=\/wp\/v2\/pages\/1087\/revisions"}],"predecessor-version":[{"id":5239,"href":"https:\/\/dixiepomerania.pl\/index.php?rest_route=\/wp\/v2\/pages\/1087\/revisions\/5239"}],"wp:attachment":[{"href":"https:\/\/dixiepomerania.pl\/index.php?rest_route=%2Fwp%2Fv2%2Fmedia&parent=1087"}],"curies":[{"name":"wp","href":"https:\/\/api.w.org\/{rel}","templated":true}]}}